{"id":464,"date":"2023-03-09T14:35:12","date_gmt":"2023-03-09T13:35:12","guid":{"rendered":"https:\/\/nextbike-live.pluspol-networks.de\/luzern\/partnergemeinden\/"},"modified":"2026-04-09T16:08:54","modified_gmt":"2026-04-09T14:08:54","slug":"partenaires","status":"publish","type":"page","link":"https:\/\/www.mooinz.ch\/fr\/partenaires\/","title":{"rendered":"Avantages pour les partenaires"},"content":{"rendered":"<div class=\"wpb-content-wrapper\"><p>[vc_row disable_element=\u00a0\u00bbyes\u00a0\u00bb][vc_column width=\u00a0\u00bb1\/6&Prime;][vc_single_image image=\u00a0\u00bb1020&Prime; img_size=\u00a0\u00bbfull\u00a0\u00bb alignment=\u00a0\u00bbcenter\u00a0\u00bb css=\u00a0\u00bb\u00a0\u00bb][\/vc_column][vc_column width=\u00a0\u00bb1\/6&Prime;][vc_single_image image=\u00a0\u00bb1014&Prime; img_size=\u00a0\u00bbfull\u00a0\u00bb alignment=\u00a0\u00bbcenter\u00a0\u00bb css=\u00a0\u00bb\u00a0\u00bb][\/vc_column][vc_column width=\u00a0\u00bb1\/6&Prime;][vc_single_image image=\u00a0\u00bb994&Prime; img_size=\u00a0\u00bbfull\u00a0\u00bb alignment=\u00a0\u00bbcenter\u00a0\u00bb css=\u00a0\u00bb\u00a0\u00bb][\/vc_column][vc_column width=\u00a0\u00bb1\/6&Prime;][vc_single_image image=\u00a0\u00bb1002&Prime; img_size=\u00a0\u00bbfull\u00a0\u00bb alignment=\u00a0\u00bbcenter\u00a0\u00bb css=\u00a0\u00bb\u00a0\u00bb][\/vc_column][vc_column width=\u00a0\u00bb1\/6&Prime;][vc_single_image image=\u00a0\u00bb1024&Prime; img_size=\u00a0\u00bbfull\u00a0\u00bb alignment=\u00a0\u00bbcenter\u00a0\u00bb css=\u00a0\u00bb\u00a0\u00bb][\/vc_column][vc_column width=\u00a0\u00bb1\/6&Prime;][vc_single_image image=\u00a0\u00bb998&Prime; img_size=\u00a0\u00bbfull\u00a0\u00bb alignment=\u00a0\u00bbcenter\u00a0\u00bb css=\u00a0\u00bb\u00a0\u00bb][\/vc_column][\/vc_row][vc_row equal_height=\u00a0\u00bbyes\u00a0\u00bb content_placement=\u00a0\u00bbmiddle\u00a0\u00bb disable_element=\u00a0\u00bbyes\u00a0\u00bb css=\u00a0\u00bb.vc_custom_1775743576739{margin-top: 30px !important;}\u00a0\u00bb][vc_column width=\u00a0\u00bb2\/3&Prime;][vc_column_text css=\u00a0\u00bb\u00a0\u00bb]<\/p>\n<h2>Obtenir des minutes gratuites maintenant !<\/h2>\n<p><span data-sheets-root=\"1\" data-sheets-value=\"{&quot;1&quot;:2,&quot;2&quot;:&quot;Le r\u00e9seau est cofinanc\u00e9 par les institutions mentionn\u00e9es ci-dessous. Leurs collaborateurs et \u00e9tudiants b\u00e9n\u00e9ficient de 90 minutes gratuites par emprunt d'un v\u00e9lo et de 30 minutes gratuites par emprunt d'un v\u00e9lo ou d'un cargo \u00e9lectrique. Ensuite, le tarif de base s'applique.&quot;}\" data-sheets-userformat=\"{&quot;2&quot;:7041,&quot;3&quot;:{&quot;1&quot;:0},&quot;10&quot;:2,&quot;11&quot;:4,&quot;12&quot;:0,&quot;14&quot;:{&quot;1&quot;:2,&quot;2&quot;:0},&quot;15&quot;:&quot;Arial, sans-serif&quot;}\">Le r\u00e9seau est cofinanc\u00e9 par les institutions mentionn\u00e9es ci-dessous. Leurs collaborateurs et \u00e9tudiants b\u00e9n\u00e9ficient de 90 minutes gratuites par emprunt d&rsquo;un v\u00e9lo et de 30 minutes gratuites par emprunt d&rsquo;un v\u00e9lo ou d&rsquo;un cargo \u00e9lectrique. Ensuite, le tarif de base s&rsquo;applique.<\/span><\/p>\n<p><strong><span data-sheets-root=\"1\" data-sheets-value=\"{&quot;1&quot;:2,&quot;2&quot;:&quot;Les institutions suivantes b\u00e9n\u00e9ficient de minutes gratuites :&quot;}\" data-sheets-userformat=\"{&quot;2&quot;:7041,&quot;3&quot;:{&quot;1&quot;:0},&quot;10&quot;:2,&quot;11&quot;:4,&quot;12&quot;:0,&quot;14&quot;:{&quot;1&quot;:2,&quot;2&quot;:0},&quot;15&quot;:&quot;Arial, sans-serif&quot;}\">Les institutions suivantes b\u00e9n\u00e9ficient de minutes gratuites :<\/span><\/strong><\/p>\n<p><span data-sheets-root=\"1\" data-sheets-value=\"{&quot;1&quot;:2,&quot;2&quot;:&quot;\u00c9tudiants de la ...&quot;}\" data-sheets-userformat=\"{&quot;2&quot;:7041,&quot;3&quot;:{&quot;1&quot;:0},&quot;10&quot;:2,&quot;11&quot;:4,&quot;12&quot;:0,&quot;14&quot;:{&quot;1&quot;:2,&quot;2&quot;:0},&quot;15&quot;:&quot;Arial, sans-serif&quot;}\">\u00c9tudiants et collaborateurs de :<\/span><\/p>\n<ul>\n<li><span class=\"acronym-highlight\">EHL<\/span>\u00a0Passugg<\/li>\n<\/ul>\n<p><span data-sheets-root=\"1\" data-sheets-value=\"{&quot;1&quot;:2,&quot;2&quot;:&quot;Les collaborateurs de la&quot;}\" data-sheets-userformat=\"{&quot;2&quot;:7041,&quot;3&quot;:{&quot;1&quot;:0},&quot;10&quot;:2,&quot;11&quot;:4,&quot;12&quot;:0,&quot;14&quot;:{&quot;1&quot;:2,&quot;2&quot;:0},&quot;15&quot;:&quot;Arial, sans-serif&quot;}\">Les collaborateurs de la:<\/span><\/p>\n<ul>\n<li>Gemeinde Malans<\/li>\n<li>Gemeinde Felsberg<\/li>\n<li>Flims Laax Tourismus<\/li>\n<li>EHL Passugg<\/li>\n<li>B\u00fcrgerheim Chur<\/li>\n<\/ul>\n<p>&nbsp;<\/p>\n<p><strong>Obtiens des minutes gratuites!<\/strong><\/p>\n<ol>\n<li><span data-sheets-root=\"1\" data-sheets-value=\"{&quot;1&quot;:2,&quot;2&quot;:&quot;Le lien se fait en entrant l'adresse e-mail de l'\u00e9tudiant ou du job dans le compte client.&quot;}\" data-sheets-userformat=\"{&quot;2&quot;:7041,&quot;3&quot;:{&quot;1&quot;:0},&quot;10&quot;:2,&quot;11&quot;:4,&quot;12&quot;:0,&quot;14&quot;:{&quot;1&quot;:2,&quot;2&quot;:0},&quot;15&quot;:&quot;Arial, sans-serif&quot;}\">Le lien se fait en entrant l&rsquo;adresse e-mail de l&rsquo;\u00e9tudiant ou du job dans le compte client.<\/span><\/li>\n<li><span data-sheets-root=\"1\" data-sheets-value=\"{&quot;1&quot;:2,&quot;2&quot;:&quot;Tu re\u00e7ois un e-mail avec un lien de confirmation.&quot;}\" data-sheets-userformat=\"{&quot;2&quot;:7041,&quot;3&quot;:{&quot;1&quot;:0},&quot;10&quot;:2,&quot;11&quot;:4,&quot;12&quot;:0,&quot;14&quot;:{&quot;1&quot;:2,&quot;2&quot;:0},&quot;15&quot;:&quot;Arial, sans-serif&quot;}\">Tu re\u00e7ois un e-mail avec un lien de confirmation.<\/span><\/li>\n<li><span data-sheets-root=\"1\" data-sheets-value=\"{&quot;1&quot;:2,&quot;2&quot;:&quot;Apr\u00e8s confirmation, tu b\u00e9n\u00e9ficies automatiquement du tarif sp\u00e9cial et des minutes gratuites.&quot;}\" data-sheets-userformat=\"{&quot;2&quot;:7041,&quot;3&quot;:{&quot;1&quot;:0},&quot;10&quot;:2,&quot;11&quot;:4,&quot;12&quot;:0,&quot;14&quot;:{&quot;1&quot;:2,&quot;2&quot;:0},&quot;15&quot;:&quot;Arial, sans-serif&quot;}\">Apr\u00e8s confirmation, tu b\u00e9n\u00e9ficies automatiquement du tarif sp\u00e9cial et des minutes gratuites.<\/span><\/li>\n<\/ol>\n<p data-renderer-start-pos=\"886\">Tu n&rsquo;es ni \u00e9tudiant ni collaborateur des institutions susmentionn\u00e9es ? Deviens membre de Pro Velo Graub\u00fcnden et roule gratuitement 5 x 30 minutes par mois avec tous les types de v\u00e9los. <a href=\"https:\/\/provelogr.ch\/mooinz\/\"><strong>S&rsquo;inscrire ici<\/strong><\/a><\/p>\n<p>[\/vc_column_text][vc_column_text css=\u00a0\u00bb\u00a0\u00bb]Deviens toi aussi partenaire de site et inscris-toi aupr\u00e8s de <a href=\"https:\/\/provelogr.ch\/mooinz\/\"><strong>Pro Velo Graub\u00fcnden<\/strong><\/a>.[\/vc_column_text][\/vc_column][vc_column width=\u00a0\u00bb1\/3&Prime;][vc_column_text css=\u00a0\u00bb\u00a0\u00bb]<\/p>\n<h4><span data-sheets-root=\"1\" data-sheets-value=\"{&quot;1&quot;:2,&quot;2&quot;:&quot;Mooinz fonctionne gr\u00e2ce \u00e0 de nombreux partenaires !&quot;}\" data-sheets-userformat=\"{&quot;2&quot;:7043,&quot;3&quot;:{&quot;1&quot;:0},&quot;4&quot;:{&quot;1&quot;:2,&quot;2&quot;:16773836},&quot;10&quot;:2,&quot;11&quot;:4,&quot;12&quot;:0,&quot;14&quot;:{&quot;1&quot;:2,&quot;2&quot;:0},&quot;15&quot;:&quot;Arial, sans-serif&quot;}\">Mooinz fonctionne gr\u00e2ce \u00e0 de nombreux partenaires !<\/span><\/h4>\n<p>[\/vc_column_text][vc_single_image image=\u00a0\u00bb1020&Prime; img_size=\u00a0\u00bbmedium\u00a0\u00bb alignment=\u00a0\u00bbcenter\u00a0\u00bb css=\u00a0\u00bb\u00a0\u00bb][vc_single_image image=\u00a0\u00bb1014&Prime; img_size=\u00a0\u00bbmedium\u00a0\u00bb alignment=\u00a0\u00bbcenter\u00a0\u00bb css=\u00a0\u00bb\u00a0\u00bb][vc_single_image image=\u00a0\u00bb994&Prime; img_size=\u00a0\u00bbmedium\u00a0\u00bb alignment=\u00a0\u00bbcenter\u00a0\u00bb css=\u00a0\u00bb\u00a0\u00bb][vc_single_image image=\u00a0\u00bb1002&Prime; img_size=\u00a0\u00bbmedium\u00a0\u00bb alignment=\u00a0\u00bbcenter\u00a0\u00bb css=\u00a0\u00bb\u00a0\u00bb][vc_single_image image=\u00a0\u00bb1024&Prime; img_size=\u00a0\u00bbmedium\u00a0\u00bb alignment=\u00a0\u00bbcenter\u00a0\u00bb css=\u00a0\u00bb\u00a0\u00bb][vc_single_image image=\u00a0\u00bb998&Prime; img_size=\u00a0\u00bbmedium\u00a0\u00bb alignment=\u00a0\u00bbcenter\u00a0\u00bb css=\u00a0\u00bb\u00a0\u00bb][\/vc_column][\/vc_row][vc_row equal_height=\u00a0\u00bbyes\u00a0\u00bb content_placement=\u00a0\u00bbmiddle\u00a0\u00bb css=\u00a0\u00bb.vc_custom_1718706890114{margin-top: 30px !important;}\u00a0\u00bb][vc_column width=\u00a0\u00bb2\/3&Prime;][vc_column_text css=\u00a0\u00bb\u00a0\u00bb]<\/p>\n<h2>Obtenir des minutes gratuites maintenant !<\/h2>\n<p><span data-sheets-root=\"1\" data-sheets-value=\"{&quot;1&quot;:2,&quot;2&quot;:&quot;Le r\u00e9seau est cofinanc\u00e9 par les institutions mentionn\u00e9es ci-dessous. Leurs collaborateurs et \u00e9tudiants b\u00e9n\u00e9ficient de 90 minutes gratuites par emprunt d'un v\u00e9lo et de 30 minutes gratuites par emprunt d'un v\u00e9lo ou d'un cargo \u00e9lectrique. Ensuite, le tarif de base s'applique.&quot;}\" data-sheets-userformat=\"{&quot;2&quot;:7041,&quot;3&quot;:{&quot;1&quot;:0},&quot;10&quot;:2,&quot;11&quot;:4,&quot;12&quot;:0,&quot;14&quot;:{&quot;1&quot;:2,&quot;2&quot;:0},&quot;15&quot;:&quot;Arial, sans-serif&quot;}\">Le r\u00e9seau est cofinanc\u00e9 par les institutions mentionn\u00e9es ci-dessous. Leurs collaborateurs et \u00e9tudiants b\u00e9n\u00e9ficient de 90 minutes gratuites par emprunt d&rsquo;un v\u00e9lo et de 30 minutes gratuites par emprunt d&rsquo;un v\u00e9lo ou d&rsquo;un cargo \u00e9lectrique. Ensuite, le tarif de base s&rsquo;applique.<\/span><\/p>\n<p><strong><span data-sheets-root=\"1\" data-sheets-value=\"{&quot;1&quot;:2,&quot;2&quot;:&quot;Les institutions suivantes b\u00e9n\u00e9ficient de minutes gratuites :&quot;}\" data-sheets-userformat=\"{&quot;2&quot;:7041,&quot;3&quot;:{&quot;1&quot;:0},&quot;10&quot;:2,&quot;11&quot;:4,&quot;12&quot;:0,&quot;14&quot;:{&quot;1&quot;:2,&quot;2&quot;:0},&quot;15&quot;:&quot;Arial, sans-serif&quot;}\">Les institutions suivantes b\u00e9n\u00e9ficient de minutes gratuites :<\/span><\/strong><\/p>\n<ul>\n<li data-renderer-start-pos=\"421\"><span class=\"acronym-highlight\">FH<\/span>\u00a0Graub\u00fcnden<\/li>\n<li data-renderer-start-pos=\"421\"><span class=\"acronym-highlight\">PH<\/span>\u00a0Graub\u00fcnden<\/li>\n<li data-renderer-start-pos=\"421\"><span class=\"acronym-highlight\">EHL<\/span>\u00a0Passugg<\/li>\n<li data-renderer-start-pos=\"421\">Bildungszentrum Gesundheit und Soziales Chur<\/li>\n<\/ul>\n<p><span data-sheets-root=\"1\" data-sheets-value=\"{&quot;1&quot;:2,&quot;2&quot;:&quot;\u00c9tudiants de la ...&quot;}\" data-sheets-userformat=\"{&quot;2&quot;:7041,&quot;3&quot;:{&quot;1&quot;:0},&quot;10&quot;:2,&quot;11&quot;:4,&quot;12&quot;:0,&quot;14&quot;:{&quot;1&quot;:2,&quot;2&quot;:0},&quot;15&quot;:&quot;Arial, sans-serif&quot;}\">\u00c9tudiants et collaborateurs de :<\/span><\/p>\n<ul>\n<li><span class=\"acronym-highlight\">EHL<\/span>\u00a0Passugg<\/li>\n<\/ul>\n<p><span data-sheets-root=\"1\" data-sheets-value=\"{&quot;1&quot;:2,&quot;2&quot;:&quot;Les collaborateurs de la&quot;}\" data-sheets-userformat=\"{&quot;2&quot;:7041,&quot;3&quot;:{&quot;1&quot;:0},&quot;10&quot;:2,&quot;11&quot;:4,&quot;12&quot;:0,&quot;14&quot;:{&quot;1&quot;:2,&quot;2&quot;:0},&quot;15&quot;:&quot;Arial, sans-serif&quot;}\">Les collaborateurs de la:<\/span><\/p>\n<ul>\n<li data-renderer-start-pos=\"421\">Stadt Chur<\/li>\n<li data-renderer-start-pos=\"421\">Kantonale Verwaltung Graub\u00fcnden<\/li>\n<li data-renderer-start-pos=\"421\">Kantonsspital Graub\u00fcnden<\/li>\n<li data-renderer-start-pos=\"421\">Psychiatrische Dienste Graub\u00fcnden<\/li>\n<li data-renderer-start-pos=\"421\">Rh\u00e4tische Bahn<\/li>\n<li data-renderer-start-pos=\"421\">Pensionskasse Graub\u00fcnden<\/li>\n<li data-renderer-start-pos=\"421\">Gemeinde Malans<\/li>\n<li data-renderer-start-pos=\"421\">Gemeinde Felsberg<\/li>\n<li data-renderer-start-pos=\"421\">Flims Laax Tourismus<\/li>\n<li data-renderer-start-pos=\"421\">VIA Outlet<\/li>\n<\/ul>\n<p><strong>Obtiens des minutes gratuites!<\/strong><\/p>\n<ol>\n<li><span data-sheets-root=\"1\" data-sheets-value=\"{&quot;1&quot;:2,&quot;2&quot;:&quot;Le lien se fait en entrant l'adresse e-mail de l'\u00e9tudiant ou du job dans le compte client.&quot;}\" data-sheets-userformat=\"{&quot;2&quot;:7041,&quot;3&quot;:{&quot;1&quot;:0},&quot;10&quot;:2,&quot;11&quot;:4,&quot;12&quot;:0,&quot;14&quot;:{&quot;1&quot;:2,&quot;2&quot;:0},&quot;15&quot;:&quot;Arial, sans-serif&quot;}\">Le lien se fait en entrant l&rsquo;adresse e-mail de l&rsquo;\u00e9tudiant ou du job dans le compte client.<\/span><\/li>\n<li><span data-sheets-root=\"1\" data-sheets-value=\"{&quot;1&quot;:2,&quot;2&quot;:&quot;Tu re\u00e7ois un e-mail avec un lien de confirmation.&quot;}\" data-sheets-userformat=\"{&quot;2&quot;:7041,&quot;3&quot;:{&quot;1&quot;:0},&quot;10&quot;:2,&quot;11&quot;:4,&quot;12&quot;:0,&quot;14&quot;:{&quot;1&quot;:2,&quot;2&quot;:0},&quot;15&quot;:&quot;Arial, sans-serif&quot;}\">Tu re\u00e7ois un e-mail avec un lien de confirmation.<\/span><\/li>\n<li><span data-sheets-root=\"1\" data-sheets-value=\"{&quot;1&quot;:2,&quot;2&quot;:&quot;Apr\u00e8s confirmation, tu b\u00e9n\u00e9ficies automatiquement du tarif sp\u00e9cial et des minutes gratuites.&quot;}\" data-sheets-userformat=\"{&quot;2&quot;:7041,&quot;3&quot;:{&quot;1&quot;:0},&quot;10&quot;:2,&quot;11&quot;:4,&quot;12&quot;:0,&quot;14&quot;:{&quot;1&quot;:2,&quot;2&quot;:0},&quot;15&quot;:&quot;Arial, sans-serif&quot;}\">Apr\u00e8s confirmation, tu b\u00e9n\u00e9ficies automatiquement du tarif sp\u00e9cial et des minutes gratuites.<\/span><\/li>\n<\/ol>\n<p data-renderer-start-pos=\"886\">Tu n&rsquo;es ni \u00e9tudiant ni collaborateur des institutions susmentionn\u00e9es ? Deviens membre de Pro Velo Graub\u00fcnden et roule gratuitement 5 x 30 minutes par mois avec tous les types de v\u00e9los. <a href=\"https:\/\/provelogr.ch\/mooinz\/\"><strong>S&rsquo;inscrire ici.<\/strong><\/a><\/p>\n<p>[\/vc_column_text][vc_column_text css=\u00a0\u00bb\u00a0\u00bb]Deviens toi aussi partenaire de site et inscris-toi aupr\u00e8s de <a href=\"https:\/\/provelogr.ch\/mooinz\/\"><strong>Pro Velo Graub\u00fcnden<\/strong><\/a>.[\/vc_column_text][\/vc_column][vc_column width=\u00a0\u00bb1\/6&Prime;][\/vc_column][vc_column width=\u00a0\u00bb1\/6&Prime;][vc_column_text css=\u00a0\u00bb\u00a0\u00bb]<\/p>\n<h5><span data-sheets-root=\"1\" data-sheets-value=\"{&quot;1&quot;:2,&quot;2&quot;:&quot;Mooinz rollt dank zahlreichen Standortpartnern!&quot;}\" data-sheets-userformat=\"{&quot;2&quot;:6915,&quot;3&quot;:{&quot;1&quot;:0},&quot;4&quot;:{&quot;1&quot;:2,&quot;2&quot;:16773836},&quot;11&quot;:4,&quot;12&quot;:0,&quot;14&quot;:{&quot;1&quot;:2,&quot;2&quot;:1518413},&quot;15&quot;:&quot;Arial&quot;}\">invia <\/span><span data-sheets-root=\"1\" data-sheets-value=\"{&quot;1&quot;:2,&quot;2&quot;:&quot;Mooinz fonctionne gr\u00e2ce \u00e0 de nombreux partenaires !&quot;}\" data-sheets-userformat=\"{&quot;2&quot;:7043,&quot;3&quot;:{&quot;1&quot;:0},&quot;4&quot;:{&quot;1&quot;:2,&quot;2&quot;:16773836},&quot;10&quot;:2,&quot;11&quot;:4,&quot;12&quot;:0,&quot;14&quot;:{&quot;1&quot;:2,&quot;2&quot;:0},&quot;15&quot;:&quot;Arial, sans-serif&quot;}\">fonctionne gr\u00e2ce \u00e0 de nombreux partenaires !<\/span><\/h5>\n<p>[\/vc_column_text][vc_single_image image=\u00a0\u00bb1020&Prime; img_size=\u00a0\u00bbmedium\u00a0\u00bb alignment=\u00a0\u00bbcenter\u00a0\u00bb css=\u00a0\u00bb\u00a0\u00bb][vc_single_image image=\u00a0\u00bb1014&Prime; img_size=\u00a0\u00bbmedium\u00a0\u00bb alignment=\u00a0\u00bbcenter\u00a0\u00bb css=\u00a0\u00bb\u00a0\u00bb][vc_single_image image=\u00a0\u00bb994&Prime; img_size=\u00a0\u00bbmedium\u00a0\u00bb alignment=\u00a0\u00bbcenter\u00a0\u00bb css=\u00a0\u00bb\u00a0\u00bb][vc_single_image image=\u00a0\u00bb1002&Prime; img_size=\u00a0\u00bbmedium\u00a0\u00bb alignment=\u00a0\u00bbcenter\u00a0\u00bb css=\u00a0\u00bb\u00a0\u00bb][vc_single_image image=\u00a0\u00bb1024&Prime; img_size=\u00a0\u00bbmedium\u00a0\u00bb alignment=\u00a0\u00bbcenter\u00a0\u00bb css=\u00a0\u00bb\u00a0\u00bb][vc_single_image image=\u00a0\u00bb998&Prime; img_size=\u00a0\u00bbmedium\u00a0\u00bb alignment=\u00a0\u00bbcenter\u00a0\u00bb css=\u00a0\u00bb\u00a0\u00bb][vc_single_image image=\u00a0\u00bb1311&Prime; img_size=\u00a0\u00bbmedium\u00a0\u00bb alignment=\u00a0\u00bbcenter\u00a0\u00bb css=\u00a0\u00bb\u00a0\u00bb][vc_single_image image=\u00a0\u00bb1307&Prime; img_size=\u00a0\u00bbmedium\u00a0\u00bb alignment=\u00a0\u00bbcenter\u00a0\u00bb css=\u00a0\u00bb\u00a0\u00bb][vc_single_image image=\u00a0\u00bb1303&Prime; img_size=\u00a0\u00bbmedium\u00a0\u00bb alignment=\u00a0\u00bbcenter\u00a0\u00bb css=\u00a0\u00bb\u00a0\u00bb][vc_single_image image=\u00a0\u00bb1299&Prime; img_size=\u00a0\u00bbmedium\u00a0\u00bb alignment=\u00a0\u00bbcenter\u00a0\u00bb css=\u00a0\u00bb\u00a0\u00bb][vc_single_image image=\u00a0\u00bb1295&Prime; img_size=\u00a0\u00bbmedium\u00a0\u00bb alignment=\u00a0\u00bbcenter\u00a0\u00bb css=\u00a0\u00bb\u00a0\u00bb][vc_single_image image=\u00a0\u00bb1291&Prime; img_size=\u00a0\u00bbmedium\u00a0\u00bb alignment=\u00a0\u00bbcenter\u00a0\u00bb css=\u00a0\u00bb\u00a0\u00bb][vc_single_image image=\u00a0\u00bb1287&Prime; img_size=\u00a0\u00bbmedium\u00a0\u00bb alignment=\u00a0\u00bbcenter\u00a0\u00bb css=\u00a0\u00bb\u00a0\u00bb][\/vc_column][\/vc_row]<\/p>\n<\/div>","protected":false},"excerpt":{"rendered":"<p>[vc_row disable_element=\u00a0\u00bbyes\u00a0\u00bb][vc_column width=\u00a0\u00bb1\/6&Prime;][vc_single_image image=\u00a0\u00bb1020&Prime; img_size=\u00a0\u00bbfull\u00a0\u00bb alignment=\u00a0\u00bbcenter\u00a0\u00bb css=\u00a0\u00bb\u00a0\u00bb][\/vc_column][vc_column width=\u00a0\u00bb1\/6&Prime;][vc_single_image image=\u00a0\u00bb1014&Prime; img_size=\u00a0\u00bbfull\u00a0\u00bb alignment=\u00a0\u00bbcenter\u00a0\u00bb css=\u00a0\u00bb\u00a0\u00bb][\/vc_column][vc_column width=\u00a0\u00bb1\/6&Prime;][vc_single_image image=\u00a0\u00bb994&Prime; img_size=\u00a0\u00bbfull\u00a0\u00bb alignment=\u00a0\u00bbcenter\u00a0\u00bb css=\u00a0\u00bb\u00a0\u00bb][\/vc_column][vc_column width=\u00a0\u00bb1\/6&Prime;][vc_single_image image=\u00a0\u00bb1002&Prime; img_size=\u00a0\u00bbfull\u00a0\u00bb alignment=\u00a0\u00bbcenter\u00a0\u00bb css=\u00a0\u00bb\u00a0\u00bb][\/vc_column][vc_column width=\u00a0\u00bb1\/6&Prime;][vc_single_image image=\u00a0\u00bb1024&Prime; img_size=\u00a0\u00bbfull\u00a0\u00bb alignment=\u00a0\u00bbcenter\u00a0\u00bb css=\u00a0\u00bb\u00a0\u00bb][\/vc_column][vc_column width=\u00a0\u00bb1\/6&Prime;][vc_single_image image=\u00a0\u00bb998&Prime; img_size=\u00a0\u00bbfull\u00a0\u00bb alignment=\u00a0\u00bbcenter\u00a0\u00bb css=\u00a0\u00bb\u00a0\u00bb][\/vc_column][\/vc_row][vc_row equal_height=\u00a0\u00bbyes\u00a0\u00bb content_placement=\u00a0\u00bbmiddle\u00a0\u00bb disable_element=\u00a0\u00bbyes\u00a0\u00bb css=\u00a0\u00bb.vc_custom_1775743576739{margin-top: 30px !important;}\u00a0\u00bb][vc_column width=\u00a0\u00bb2\/3&Prime;][vc_column_text css=\u00a0\u00bb\u00a0\u00bb] Obtenir des minutes gratuites maintenant ! Le r\u00e9seau est cofinanc\u00e9 par les institutions mentionn\u00e9es ci-dessous. [&hellip;]<\/p>\n","protected":false},"author":12,"featured_media":0,"parent":0,"menu_order":0,"comment_status":"closed","ping_status":"closed","template":"page-bubble.php","meta":{"_acf_changed":false,"inline_featured_image":false,"footnotes":""},"class_list":["post-464","page","type-page","status-publish","hentry"],"acf":[],"yoast_head":"<!-- This site is optimized with the Yoast SEO plugin v27.2 - https:\/\/yoast.com\/product\/yoast-seo-wordpress\/ -->\n<title>Obtiens des minutes gratuites en tant que partenaire ou \u00e9tudiant<\/title>\n<meta name=\"description\" content=\"Les partenaires et les \u00e9tudiants b\u00e9n\u00e9ficient de minutes gratuites. Activer maintenant et p\u00e9daler gratuitement jusqu&#039;\u00e0 90 minutes par pr\u00eat.\" \/>\n<meta name=\"robots\" content=\"index, follow, max-snippet:-1, max-image-preview:large, max-video-preview:-1\" \/>\n<link rel=\"canonical\" href=\"https:\/\/www.mooinz.ch\/fr\/partenaires\/\" \/>\n<meta property=\"og:locale\" content=\"fr_FR\" \/>\n<meta property=\"og:type\" content=\"article\" \/>\n<meta property=\"og:title\" content=\"Obtiens des minutes gratuites en tant que partenaire ou \u00e9tudiant\" \/>\n<meta property=\"og:description\" content=\"Les partenaires et les \u00e9tudiants b\u00e9n\u00e9ficient de minutes gratuites. Activer maintenant et p\u00e9daler gratuitement jusqu&#039;\u00e0 90 minutes par pr\u00eat.\" \/>\n<meta property=\"og:url\" content=\"https:\/\/www.mooinz.ch\/fr\/partenaires\/\" \/>\n<meta property=\"og:site_name\" content=\"invia Bikeshare\" \/>\n<meta property=\"article:modified_time\" content=\"2026-04-09T14:08:54+00:00\" \/>\n<meta name=\"twitter:card\" content=\"summary_large_image\" \/>\n<meta name=\"twitter:label1\" content=\"Dur\u00e9e de lecture estim\u00e9e\" \/>\n\t<meta name=\"twitter:data1\" content=\"4 minutes\" \/>\n<script type=\"application\/ld+json\" class=\"yoast-schema-graph\">{\"@context\":\"https:\/\/schema.org\",\"@graph\":[{\"@type\":\"WebPage\",\"@id\":\"https:\/\/www.mooinz.ch\/fr\/partenaires\/\",\"url\":\"https:\/\/www.mooinz.ch\/fr\/partenaires\/\",\"name\":\"Obtiens des minutes gratuites en tant que partenaire ou \u00e9tudiant\",\"isPartOf\":{\"@id\":\"https:\/\/www.mooinz.ch\/fr\/#website\"},\"datePublished\":\"2023-03-09T13:35:12+00:00\",\"dateModified\":\"2026-04-09T14:08:54+00:00\",\"description\":\"Les partenaires et les \u00e9tudiants b\u00e9n\u00e9ficient de minutes gratuites. Activer maintenant et p\u00e9daler gratuitement jusqu'\u00e0 90 minutes par pr\u00eat.\",\"breadcrumb\":{\"@id\":\"https:\/\/www.mooinz.ch\/fr\/partenaires\/#breadcrumb\"},\"inLanguage\":\"fr-FR\",\"potentialAction\":[{\"@type\":\"ReadAction\",\"target\":[\"https:\/\/www.mooinz.ch\/fr\/partenaires\/\"]}]},{\"@type\":\"BreadcrumbList\",\"@id\":\"https:\/\/www.mooinz.ch\/fr\/partenaires\/#breadcrumb\",\"itemListElement\":[{\"@type\":\"ListItem\",\"position\":1,\"name\":\"Startseite\",\"item\":\"https:\/\/www.mooinz.ch\/fr\/\"},{\"@type\":\"ListItem\",\"position\":2,\"name\":\"Avantages pour les partenaires\"}]},{\"@type\":\"WebSite\",\"@id\":\"https:\/\/www.mooinz.ch\/fr\/#website\",\"url\":\"https:\/\/www.mooinz.ch\/fr\/\",\"name\":\"invia Bikeshare\",\"description\":\"App downloaden und mit invia Bikeshare in Chur radeln!\",\"potentialAction\":[{\"@type\":\"SearchAction\",\"target\":{\"@type\":\"EntryPoint\",\"urlTemplate\":\"https:\/\/www.mooinz.ch\/fr\/?s={search_term_string}\"},\"query-input\":{\"@type\":\"PropertyValueSpecification\",\"valueRequired\":true,\"valueName\":\"search_term_string\"}}],\"inLanguage\":\"fr-FR\"}]}<\/script>\n<!-- \/ Yoast SEO plugin. -->","yoast_head_json":{"title":"Obtiens des minutes gratuites en tant que partenaire ou \u00e9tudiant","description":"Les partenaires et les \u00e9tudiants b\u00e9n\u00e9ficient de minutes gratuites. Activer maintenant et p\u00e9daler gratuitement jusqu'\u00e0 90 minutes par pr\u00eat.","robots":{"index":"index","follow":"follow","max-snippet":"max-snippet:-1","max-image-preview":"max-image-preview:large","max-video-preview":"max-video-preview:-1"},"canonical":"https:\/\/www.mooinz.ch\/fr\/partenaires\/","og_locale":"fr_FR","og_type":"article","og_title":"Obtiens des minutes gratuites en tant que partenaire ou \u00e9tudiant","og_description":"Les partenaires et les \u00e9tudiants b\u00e9n\u00e9ficient de minutes gratuites. Activer maintenant et p\u00e9daler gratuitement jusqu'\u00e0 90 minutes par pr\u00eat.","og_url":"https:\/\/www.mooinz.ch\/fr\/partenaires\/","og_site_name":"invia Bikeshare","article_modified_time":"2026-04-09T14:08:54+00:00","twitter_card":"summary_large_image","twitter_misc":{"Dur\u00e9e de lecture estim\u00e9e":"4 minutes"},"schema":{"@context":"https:\/\/schema.org","@graph":[{"@type":"WebPage","@id":"https:\/\/www.mooinz.ch\/fr\/partenaires\/","url":"https:\/\/www.mooinz.ch\/fr\/partenaires\/","name":"Obtiens des minutes gratuites en tant que partenaire ou \u00e9tudiant","isPartOf":{"@id":"https:\/\/www.mooinz.ch\/fr\/#website"},"datePublished":"2023-03-09T13:35:12+00:00","dateModified":"2026-04-09T14:08:54+00:00","description":"Les partenaires et les \u00e9tudiants b\u00e9n\u00e9ficient de minutes gratuites. Activer maintenant et p\u00e9daler gratuitement jusqu'\u00e0 90 minutes par pr\u00eat.","breadcrumb":{"@id":"https:\/\/www.mooinz.ch\/fr\/partenaires\/#breadcrumb"},"inLanguage":"fr-FR","potentialAction":[{"@type":"ReadAction","target":["https:\/\/www.mooinz.ch\/fr\/partenaires\/"]}]},{"@type":"BreadcrumbList","@id":"https:\/\/www.mooinz.ch\/fr\/partenaires\/#breadcrumb","itemListElement":[{"@type":"ListItem","position":1,"name":"Startseite","item":"https:\/\/www.mooinz.ch\/fr\/"},{"@type":"ListItem","position":2,"name":"Avantages pour les partenaires"}]},{"@type":"WebSite","@id":"https:\/\/www.mooinz.ch\/fr\/#website","url":"https:\/\/www.mooinz.ch\/fr\/","name":"invia Bikeshare","description":"App downloaden und mit invia Bikeshare in Chur radeln!","potentialAction":[{"@type":"SearchAction","target":{"@type":"EntryPoint","urlTemplate":"https:\/\/www.mooinz.ch\/fr\/?s={search_term_string}"},"query-input":{"@type":"PropertyValueSpecification","valueRequired":true,"valueName":"search_term_string"}}],"inLanguage":"fr-FR"}]}},"_links":{"self":[{"href":"https:\/\/www.mooinz.ch\/fr\/wp-json\/wp\/v2\/pages\/464","targetHints":{"allow":["GET"]}}],"collection":[{"href":"https:\/\/www.mooinz.ch\/fr\/wp-json\/wp\/v2\/pages"}],"about":[{"href":"https:\/\/www.mooinz.ch\/fr\/wp-json\/wp\/v2\/types\/page"}],"author":[{"embeddable":true,"href":"https:\/\/www.mooinz.ch\/fr\/wp-json\/wp\/v2\/users\/12"}],"replies":[{"embeddable":true,"href":"https:\/\/www.mooinz.ch\/fr\/wp-json\/wp\/v2\/comments?post=464"}],"version-history":[{"count":31,"href":"https:\/\/www.mooinz.ch\/fr\/wp-json\/wp\/v2\/pages\/464\/revisions"}],"predecessor-version":[{"id":1330,"href":"https:\/\/www.mooinz.ch\/fr\/wp-json\/wp\/v2\/pages\/464\/revisions\/1330"}],"wp:attachment":[{"href":"https:\/\/www.mooinz.ch\/fr\/wp-json\/wp\/v2\/media?parent=464"}],"curies":[{"name":"wp","href":"https:\/\/api.w.org\/{rel}","templated":true}]}}